{"id":52,"date":"2018-02-22T15:08:00","date_gmt":"2018-02-22T15:08:00","guid":{"rendered":"http:\/\/www.vocevista.com\/de\/?page_id=52"},"modified":"2025-11-03T15:17:28","modified_gmt":"2025-11-03T13:17:28","slug":"info","status":"publish","type":"page","link":"https:\/\/www.vocevista.com\/de\/info\/","title":{"rendered":"\u00dcber uns"},"content":{"rendered":"\n<style type=\"text\/css\" data-created_by=\"avia_inline_auto\" id=\"style-css-av-6qy10-d2d67035576eaf5fb0af75bef9bda5a6\">\n.flex_column.av-6qy10-d2d67035576eaf5fb0af75bef9bda5a6{\nborder-radius:0px 0px 0px 0px;\npadding:0px 0px 0px 0px;\n}\n<\/style>\n<div  class='flex_column av-6qy10-d2d67035576eaf5fb0af75bef9bda5a6 av_three_fourth  avia-builder-el-0  el_before_av_textblock  avia-builder-el-first  first flex_column_div av-zero-column-padding  '     ><section  class='av_textblock_section av-6gt7o-78773328c75201bf6f4a7e4c2d37ad9e '   itemscope=\"itemscope\" itemtype=\"https:\/\/schema.org\/CreativeWork\" ><div class='avia_textblock'  itemprop=\"text\" ><p><strong>Sygyt Software<\/strong> wurde 2003 von Bodo Maass und Wolfgang Saus gegr\u00fcndet, um die Entwicklung von Werkzeugen zu erforschen, welche Menschen dabei unterst\u00fctzen, ihre musikalischen F\u00e4higkeiten zu verbessern und das volle Potential ihrer Stimme zu erreichen. &#8222;Sygyt&#8220; ist das tuwinische Wort f\u00fcr eine spezielle Kehlkopfgesangstechnik, die einen sehr starken, hohen Obertonklang erzeugt. Der Name steht f\u00fcr den Ursprung des Unternehmens im Obertongesang.<\/p>\n<\/div><\/section><\/div>\n<section  class='av_textblock_section av-jws8-627a32c17c6245831517333bfd890e2c '   itemscope=\"itemscope\" itemtype=\"https:\/\/schema.org\/CreativeWork\" ><div class='avia_textblock'  itemprop=\"text\" ><\/div><\/section>\n\n<style type=\"text\/css\" data-created_by=\"avia_inline_auto\" id=\"style-css-av-59kt4-779a76ecec1b28a6174c9d0e30debfa1\">\n.flex_column.av-59kt4-779a76ecec1b28a6174c9d0e30debfa1{\nborder-radius:0px 0px 0px 0px;\npadding:0px 0px 0px 0px;\n}\n<\/style>\n<div  class='flex_column av-59kt4-779a76ecec1b28a6174c9d0e30debfa1 av_three_fourth  avia-builder-el-3  el_after_av_textblock  el_before_av_three_fourth  first flex_column_div av-zero-column-padding  column-top-margin'     ><section  class='av_textblock_section av-4l8t0-aa8ab8a61629bd9cbe35896ebc6a8017 '   itemscope=\"itemscope\" itemtype=\"https:\/\/schema.org\/CreativeWork\" ><div class='avia_textblock'  itemprop=\"text\" ><h3>Bodo Maass<\/h3>\n<p><img loading=\"lazy\" decoding=\"async\" class=\"wp-image-12 size-full alignright\" src=\"https:\/\/www.vocevista.com\/de\/wp-content\/uploads\/sites\/5\/2017\/02\/bm.jpg\" alt=\"\" width=\"140\" height=\"210\" \/><\/p>\n<p>Bodo Maass ist Hauptentwickler und Inhaber der Firma Sygyt Software. Er begann im Alter von 11 Jahren zu programmieren. Nachdem er Kognitionswissenschaften (Psychologie und Philosophie) an der Universit\u00e4t Oxford studiert hatte, arbeitete er in den USA f\u00fcr die Firma MicroStrategy als Softwareentwickler, wo er sich mit sprachbasierten Mensch-Computer Schnittstellen besch\u00e4ftigte. Sp\u00e4ter kehrte er zur\u00fcck nach Oxford als erster Mitarbeiter der neugegr\u00fcndeten Firma NaturalMotion. Dort war er der leitende Entwickler f\u00fcr NaturalMotion\u2018s preisgekr\u00f6nte 3D Animationssoftware &#8222;endorphin&#8220;, einer kommerziellen Anwendung zur Synthese menschlicher Bewegungen, die auf Forschungsarbeiten aus der K\u00fcnstlichen Intelligenz basiert.<\/p>\n<p>1994 entdeckte er den Obertongesang und war sofort fasziniert von dieser scheinbar unm\u00f6glichen Kunst, zwei Melodien gleichzeitig zu singen. Mit seinem Lehrer in dieser Technik Wolfgang Saus konstatierte er das Fehlen von guter Software, um Obertons\u00e4ngern das Lernen zu erleichtern, und so wurde &#8222;Overtone Analyzer&#8220; geboren.<br \/>\nDiese Arbeit wurde sp\u00e4ter erweitert, um zusammen mit dem Stimmforscher Don Miller die n\u00e4chste Generation der Software &#8222;VoceVista&#8220; zu entwickeln.<\/p>\n<\/div><\/section><\/div>\n\n<style type=\"text\/css\" data-created_by=\"avia_inline_auto\" id=\"style-css-av-444zk-b1672ddfd919aa3348cac35ada0d5a18\">\n.flex_column.av-444zk-b1672ddfd919aa3348cac35ada0d5a18{\nborder-radius:0px 0px 0px 0px;\npadding:0px 0px 0px 0px;\n}\n<\/style>\n<div  class='flex_column av-444zk-b1672ddfd919aa3348cac35ada0d5a18 av_three_fourth  avia-builder-el-5  el_after_av_three_fourth  el_before_av_three_fourth  first flex_column_div av-zero-column-padding  column-top-margin'     ><section  class='av_textblock_section av-3d6b4-3d9a62ea2324383ad159800708873169 '   itemscope=\"itemscope\" itemtype=\"https:\/\/schema.org\/CreativeWork\" ><div class='avia_textblock'  itemprop=\"text\" ><h3>Wolfgang Saus<br \/>\n<img loading=\"lazy\" decoding=\"async\" class=\"alignright wp-image-13 size-full\" src=\"https:\/\/www.vocevista.com\/de\/wp-content\/uploads\/sites\/5\/2017\/02\/saus.jpg\" alt=\"\" width=\"140\" height=\"210\" \/><\/h3>\n<p>Urspr\u00fcnglich als Wissenschaftler und klassischer S\u00e4nger ausgebildet, hat Wolfgang Saus ein sehr tiefgehendes Verst\u00e4ndnis von der Stimme sowohl als K\u00fcnstler als auch als Lehrer erreicht. Seine einzigartige Kombination von wissenschaftlich geschultem Verstand und langj\u00e4hriger Erfahrung als S\u00e4nger erm\u00f6glicht ihm, Obert\u00f6ne vielen Menschen zug\u00e4nglich zu machen, indem er sie mit einfachen und intuitiven Worten erkl\u00e4rt und auch in eindrucksvoller Weise selbst vorsingt. Inzwischen ist er einer der f\u00fchrenden Obertons\u00e4nger Europas und hat hunderte von Sch\u00fclern privat und in Workshops unterrichtet. Er ist ausserdem ein Experte darin, die Intonation von Ch\u00f6ren zu verbessern, indem er die S\u00e4nger trainiert, auf ihre Obert\u00f6ne zu h\u00f6ren. Seit Anfang 2015 ist er Vorsitzender der Deutschen Gesellschaft f\u00fcr Gesangswissenschaft.<\/p>\n<p>Overtone Analyzer und VoceVista Video sind die konsequente Umsetzung seines Wissens in das Medium Software, welches die Visualisierung und Erforschung von Stimme und Klang auf interaktive Weise erm\u00f6glicht.<\/p>\n<\/div><\/section><\/div>\n\n<style type=\"text\/css\" data-created_by=\"avia_inline_auto\" id=\"style-css-av-2rmb0-66af53ddb4c6705e35fea79091a03d98\">\n.flex_column.av-2rmb0-66af53ddb4c6705e35fea79091a03d98{\nborder-radius:0px 0px 0px 0px;\npadding:0px 0px 0px 0px;\n}\n<\/style>\n<div  class='flex_column av-2rmb0-66af53ddb4c6705e35fea79091a03d98 av_three_fourth  avia-builder-el-7  el_after_av_three_fourth  el_before_av_three_fourth  first flex_column_div av-zero-column-padding  column-top-margin'     ><section  class='av_textblock_section av-29ljg-90e5cbc2d2fac53e1fdd5d00ff7618c3 '   itemscope=\"itemscope\" itemtype=\"https:\/\/schema.org\/CreativeWork\" ><div class='avia_textblock'  itemprop=\"text\" ><h3>Don Miller <span style=\"font-size: large;\">(1933-2020)<\/span><br \/>\n<img loading=\"lazy\" decoding=\"async\" class=\"alignright wp-image-537\" src=\"https:\/\/www.vocevista.com\/de\/wp-content\/uploads\/sites\/5\/2017\/05\/Donald-Miller-2016-297x300.jpg\" alt=\"\" width=\"208\" height=\"210\" \/><\/h3>\n<p>Donald Miller war Professor an der Syracuse Unversity School of Music, als er in den achtziger Jahren mit dem Phoniater Harm Schutte in Groningen, Niederlande, die Akustik und Physiologie der Singstimme erforschte. Sp\u00e4ter in diesem Jahrzehnt lie\u00df er sich vollzeitlich in Groningen nieder, wo er zusammen mit Prof. Schutte eine Reihe von Artikeln ver\u00f6ffentlichte und im Jahr 2000 mit dem Thema &#8222;Gesangsregister&#8220; promovierte.<br \/>\nEin Produkt dieser Forschung ist das Softwareprogramm VoceVista, welches digitales Feedback f\u00fcr den Gesangsunterricht aus der Spektralanalyse und dem Elektroglottographen (EGG) liefert. Im Jahr 2008 ver\u00f6ffentlichte er das Buch &#8222;Resonance in Singing&#8220;, in dem er kurz und pr\u00e4gnant die Anwendung des Systems auf die Analyse der aufgenommenen Literatur sowie auf den Live-Unterricht im Gesangsstudio beschrieb.<\/p>\n<\/div><\/section><\/div>\n<style type=\"text\/css\" data-created_by=\"avia_inline_auto\" id=\"style-css-av-1e41w-5f447887227d5a3001b522c4a6a7f9ef\">\n.flex_column.av-1e41w-5f447887227d5a3001b522c4a6a7f9ef{\nborder-radius:0px 0px 0px 0px;\npadding:0px 0px 0px 0px;\n}\n<\/style>\n<div  class='flex_column av-1e41w-5f447887227d5a3001b522c4a6a7f9ef av_three_fourth  avia-builder-el-9  el_after_av_three_fourth  avia-builder-el-last  first flex_column_div av-zero-column-padding  column-top-margin'     ><section  class='av_textblock_section av-xkls-75334ffe392d6f4721696426c75ec6a8 '   itemscope=\"itemscope\" itemtype=\"https:\/\/schema.org\/CreativeWork\" ><div class='avia_textblock'  itemprop=\"text\" ><h3>Krzysztof Jaros<img loading=\"lazy\" decoding=\"async\" class=\"alignright wp-image-11 size-full\" src=\"https:\/\/www.vocevista.com\/de\/wp-content\/uploads\/sites\/5\/2017\/02\/chris2.jpg\" alt=\"\" width=\"140\" height=\"210\" \/><\/h3>\n<p>Krzysztof Jaros, geboren in Polen, ist Autor, Softwareentwickler, unabh\u00e4ngiger Forscher, Dozent. Haupts\u00e4chlich konzentriert sich seine Arbeit auf Klangarbeit und Bewusstseinsforschung. Seine Forschungen betreffen Klangschalen, Obertongesang, Brainwave-Entrainment und spektrale Signalverarbeitung. Im Laufe der Jahre hat er verschiedene Audio-Technologien, Software-L\u00f6sungen, Methoden und verbale Programme entwickelt, um Therapien, Selbstverbesserung, und Entdeckungsreisen in die Welt der ver\u00e4nderten Bewusstseinszust\u00e4nde zu unterst\u00fctzen. Er arbeitete f\u00fcr die Peter Hess Akademie in Polen, und inspiriert von den Werken von Robert A. Monroe gibt er Workshops \u00fcber den Umgang mit der erweiterten Wahrnehmung der inneren und \u00e4u\u00dferen Realit\u00e4t. Vor ein paar Jahren hat er Overtone Analyzer entdeckt und war sofort davon begeistert. Seitdem hilft er dabei mit, die Software weiter zu verbessern.<\/p>\n<\/div><\/section><\/div><\/p>\n","protected":false},"excerpt":{"rendered":"","protected":false},"author":1,"featured_media":0,"parent":0,"menu_order":0,"comment_status":"closed","ping_status":"closed","template":"","meta":{"footnotes":""},"class_list":["post-52","page","type-page","status-publish","hentry"],"_links":{"self":[{"href":"https:\/\/www.vocevista.com\/de\/wp-json\/wp\/v2\/pages\/52","targetHints":{"allow":["GET"]}}],"collection":[{"href":"https:\/\/www.vocevista.com\/de\/wp-json\/wp\/v2\/pages"}],"about":[{"href":"https:\/\/www.vocevista.com\/de\/wp-json\/wp\/v2\/types\/page"}],"author":[{"embeddable":true,"href":"https:\/\/www.vocevista.com\/de\/wp-json\/wp\/v2\/users\/1"}],"replies":[{"embeddable":true,"href":"https:\/\/www.vocevista.com\/de\/wp-json\/wp\/v2\/comments?post=52"}],"version-history":[{"count":3,"href":"https:\/\/www.vocevista.com\/de\/wp-json\/wp\/v2\/pages\/52\/revisions"}],"predecessor-version":[{"id":310,"href":"https:\/\/www.vocevista.com\/de\/wp-json\/wp\/v2\/pages\/52\/revisions\/310"}],"wp:attachment":[{"href":"https:\/\/www.vocevista.com\/de\/wp-json\/wp\/v2\/media?parent=52"}],"curies":[{"name":"wp","href":"https:\/\/api.w.org\/{rel}","templated":true}]}}