{"id":89,"date":"2018-02-22T18:40:18","date_gmt":"2018-02-22T18:40:18","guid":{"rendered":"http:\/\/www.vocevista.com\/de\/?page_id=89"},"modified":"2025-09-02T09:13:36","modified_gmt":"2025-09-02T07:13:36","slug":"download-pc","status":"publish","type":"page","link":"https:\/\/www.vocevista.com\/de\/download-pc\/","title":{"rendered":"VoceVista Video und Overtone Analyzer f\u00fcr PC herunterladen"},"content":{"rendered":"<section  class='av_textblock_section av-hzug1-64ecde1d9f31b6d29df77365394b6973 '   itemscope=\"itemscope\" itemtype=\"https:\/\/schema.org\/CreativeWork\" ><div class='avia_textblock'  itemprop=\"text\" ><p>Hier k\u00f6nnen Sie die neueste Version von VoceVista Video and Overtone Analyzer f\u00fcr einen <strong>PC<\/strong> mit <strong>Windows\u00a0<\/strong>herunterladen (<a href=\"https:\/\/www.vocevista.com\/de\/download-mac\/\">klicken Sie hier f\u00fcr die Apple macOS Version<\/a>).<\/p>\n<p>Diese Software wird nach der ersten Installation in einem kostenlosen 30-Tage-Testmodus ausgef\u00fchrt. Nach 30 Tagen ist eine Lizenz erforderlich.<\/p>\n<h2>Produkteditionen<\/h2>\n<p>Unsere Software ist in mehreren Editionen erh\u00e4ltlich. Auf unserer <a href=\"https:\/\/www.vocevista.com\/de\/produkte\/\">Produktseite<\/a> finden Sie einen Vergleich der verschiedenen Versionen.<\/p>\n<h2>Aktuelle Version<\/h2>\n<p><strong>Version <\/strong> \u2022 <br \/>\n<a class=\"sygytArrowLink\" href=\"https:\/\/www.vocevista.com\/en\/releases\/\">Release-Informationen und Versions\u00fcbersicht<\/a><\/p>\n<\/div><\/section>\n<div class='avia-data-table-wrap av-hh8x9-9793c70cfae6539efd6328b244774e9c avia_responsive_table avia-table-1'><table  class='avia-table avia-data-table avia_pricing_default  avia-builder-el-1  el_after_av_textblock  el_before_av_textblock  sygytDownloadTable'  itemscope=\"itemscope\" itemtype=\"https:\/\/schema.org\/Table\" ><tbody><tr class=''><td class=''><img loading=\"lazy\" decoding=\"async\" title=\"Overtone Analyzer\" src=\"\/img\/OA_Logo_100@2x.png\" alt=\"Overtone Analyzer\" width=\"199\" height=\"50\" \/><\/td><td class=''><img loading=\"lazy\" decoding=\"async\" title=\"VoceVista Video\" src=\"\/img\/VVV_Logo_grey_100@2x.png\" alt=\"VoceVista Video\" width=\"199\" height=\"50\" \/><\/td><td class=''><img loading=\"lazy\" decoding=\"async\" title=\"VoceVista Video Pro\" src=\"\/img\/VVV_Logo_Pro_grey_100@2x.png\" alt=\"VoceVista Video Pro\" width=\"199\" height=\"50\" \/><\/td><\/tr><tr class=''><td class=''><strong>Overtone Analyzer f\u00fcr PC<\/strong><\/td><td class=''><strong>VoceVista Video f\u00fcr PC<\/strong><\/td><td class=''><strong>VoceVista Video Pro f\u00fcr PC<\/strong><\/td><\/tr><tr class=''><td class=''><div  class='avia-button-wrap av-9wgk1-1b89980fc486c4b9983e7ee5dd6483a5-wrap avia-button-center  avia-builder-el-2  el_before_av_button  avia-builder-el-first '><a href='\/dwnld\/523\/'  class='avia-button av-9wgk1-1b89980fc486c4b9983e7ee5dd6483a5 av-link-btn avia-icon_select-yes-left-icon avia-size-small avia-position-center avia-color-theme-color'   aria-label=\"Download\"><span class='avia_button_icon avia_button_icon_left avia-iconfont avia-font-fontello' data-av_icon='\uf17a' data-av_iconfont='fontello' ><\/span><span class='avia_iconbox_title' >Download<\/span><\/a><\/div><\/td><td class=''><div  class='avia-button-wrap av-k9e5-81ef2053433a8b109be6358e19e4d531-wrap avia-button-center  avia-builder-el-3  el_after_av_button  el_before_av_button '><a href='\/dwnld\/521\/'  class='avia-button av-k9e5-81ef2053433a8b109be6358e19e4d531 av-link-btn avia-icon_select-yes-left-icon avia-size-small avia-position-center avia-color-theme-color'   aria-label=\"Download\"><span class='avia_button_icon avia_button_icon_left avia-iconfont avia-font-fontello' data-av_icon='\uf17a' data-av_iconfont='fontello' ><\/span><span class='avia_iconbox_title' >Download<\/span><\/a><\/div><\/td><td class=''><div  class='avia-button-wrap av-6eh1-00696c7e38fa9335ac8f2a2ff5825ebc-wrap avia-button-center  avia-builder-el-4  el_after_av_button  avia-builder-el-last '><a href='\/dwnld\/133\/'  class='avia-button av-6eh1-00696c7e38fa9335ac8f2a2ff5825ebc av-link-btn avia-icon_select-yes-left-icon avia-size-small avia-position-center avia-color-theme-color'   aria-label=\"Download\"><span class='avia_button_icon avia_button_icon_left avia-iconfont avia-font-fontello' data-av_icon='\uf17a' data-av_iconfont='fontello' ><\/span><span class='avia_iconbox_title' >Download<\/span><\/a><\/div><\/td><\/tr><\/tbody><\/table><\/div>\n<section  class='av_textblock_section av-2wup-ea9736e7972bcfc172e1988dbe4345dd '   itemscope=\"itemscope\" itemtype=\"https:\/\/schema.org\/CreativeWork\" ><div class='avia_textblock'  itemprop=\"text\" ><h2>Systemvoraussetzungen<\/h2>\n<h3>Windows<\/h3>\n<p>Unsere Software l\u00e4uft auf <strong>Windows 10<\/strong> und <strong>Windows 11<\/strong>.<\/p>\n<p>Jeder Computer, auf dem Windows 10 einigerma\u00dfen gut l\u00e4uft, sollte ausreichen. F\u00fcr eine gute Leistung ist es erforderlich, dass Sie eine Grafikkarte mit aktuellen Treibern f\u00fcr Windows 10 oder 11 haben. Einige \u00e4ltere Grafikkarten haben nur eine eingeschr\u00e4nkte Treiberunterst\u00fctzung unter Windows 10. In diesem Fall wird unsere Software in einem Grafikkompatibilit\u00e4tsmodus ausgef\u00fchrt, der viel langsamer ist und m\u00f6glicherweise keinen reibungslosen Bildlauf w\u00e4hrend der Aufnahme und Wiedergabe bietet. Au\u00dferdem ist die Verwendung alter Grafiktreiber die h\u00e4ufigste Ursache f\u00fcr Abst\u00fcrze, insbesondere bei Intel-Karten.<\/p>\n<p>F\u00fcr die Tonaufnahme wird ein Mikrofon ben\u00f6tigt. Dies kann das eingebaute Mikrofon eines Laptops oder ein externes Mikrofon sein.<\/p>\n<p>F\u00fcr die Aktivierung ist eine Internetverbindung erforderlich.<\/p>\n<\/div><\/section>\n","protected":false},"excerpt":{"rendered":"","protected":false},"author":1,"featured_media":0,"parent":0,"menu_order":0,"comment_status":"closed","ping_status":"closed","template":"","meta":{"footnotes":""},"class_list":["post-89","page","type-page","status-publish","hentry"],"_links":{"self":[{"href":"https:\/\/www.vocevista.com\/de\/wp-json\/wp\/v2\/pages\/89","targetHints":{"allow":["GET"]}}],"collection":[{"href":"https:\/\/www.vocevista.com\/de\/wp-json\/wp\/v2\/pages"}],"about":[{"href":"https:\/\/www.vocevista.com\/de\/wp-json\/wp\/v2\/types\/page"}],"author":[{"embeddable":true,"href":"https:\/\/www.vocevista.com\/de\/wp-json\/wp\/v2\/users\/1"}],"replies":[{"embeddable":true,"href":"https:\/\/www.vocevista.com\/de\/wp-json\/wp\/v2\/comments?post=89"}],"version-history":[{"count":8,"href":"https:\/\/www.vocevista.com\/de\/wp-json\/wp\/v2\/pages\/89\/revisions"}],"predecessor-version":[{"id":426,"href":"https:\/\/www.vocevista.com\/de\/wp-json\/wp\/v2\/pages\/89\/revisions\/426"}],"wp:attachment":[{"href":"https:\/\/www.vocevista.com\/de\/wp-json\/wp\/v2\/media?parent=89"}],"curies":[{"name":"wp","href":"https:\/\/api.w.org\/{rel}","templated":true}]}}